{"id":3608,"date":"2024-09-13T08:06:57","date_gmt":"2024-09-13T06:06:57","guid":{"rendered":"https:\/\/zidanice.si\/?page_id=3608"},"modified":"2024-09-13T09:02:12","modified_gmt":"2024-09-13T07:02:12","slug":"darilni-bon","status":"publish","type":"page","link":"https:\/\/zidanice.si\/de\/darilni-bon\/","title":{"rendered":"Darilni bon"},"content":{"rendered":"<div data-elementor-type=\"wp-page\" data-elementor-id=\"3608\" class=\"elementor elementor-3608\">\n\t\t\t\t\t\t<section class=\"elementor-section elementor-top-section elementor-element elementor-element-358df14 elementor-section-boxed elementor-section-height-default elementor-section-height-default\" data-id=\"358df14\" data-element_type=\"section\">\n\t\t\t\t\t\t<div class=\"elementor-container elementor-column-gap-default\">\n\t\t\t\t\t<div class=\"elementor-column elementor-col-100 elementor-top-column elementor-element elementor-element-f4187d4\" data-id=\"f4187d4\" data-element_type=\"column\">\n\t\t\t<div class=\"elementor-widget-wrap elementor-element-populated\">\n\t\t\t\t\t\t<div class=\"elementor-element elementor-element-3f5708b elementor-widget elementor-widget-spacer\" data-id=\"3f5708b\" data-element_type=\"widget\" data-widget_type=\"spacer.default\">\n\t\t\t\t<div class=\"elementor-widget-container\">\n\t\t\t<style>\/*! elementor - v3.19.0 - 28-02-2024 *\/\n.elementor-column .elementor-spacer-inner{height:var(--spacer-size)}.e-con{--container-widget-width:100%}.e-con-inner>.elementor-widget-spacer,.e-con>.elementor-widget-spacer{width:var(--container-widget-width,var(--spacer-size));--align-self:var(--container-widget-align-self,initial);--flex-shrink:0}.e-con-inner>.elementor-widget-spacer>.elementor-widget-container,.e-con>.elementor-widget-spacer>.elementor-widget-container{height:100%;width:100%}.e-con-inner>.elementor-widget-spacer>.elementor-widget-container>.elementor-spacer,.e-con>.elementor-widget-spacer>.elementor-widget-container>.elementor-spacer{height:100%}.e-con-inner>.elementor-widget-spacer>.elementor-widget-container>.elementor-spacer>.elementor-spacer-inner,.e-con>.elementor-widget-spacer>.elementor-widget-container>.elementor-spacer>.elementor-spacer-inner{height:var(--container-widget-height,var(--spacer-size))}.e-con-inner>.elementor-widget-spacer.elementor-widget-empty,.e-con>.elementor-widget-spacer.elementor-widget-empty{position:relative;min-height:22px;min-width:22px}.e-con-inner>.elementor-widget-spacer.elementor-widget-empty .elementor-widget-empty-icon,.e-con>.elementor-widget-spacer.elementor-widget-empty .elementor-widget-empty-icon{position:absolute;top:0;bottom:0;left:0;right:0;margin:auto;padding:0;width:22px;height:22px}<\/style>\t\t<div class=\"elementor-spacer\">\n\t\t\t<div class=\"elementor-spacer-inner\"><\/div>\n\t\t<\/div>\n\t\t\t\t<\/div>\n\t\t\t\t<\/div>\n\t\t\t\t\t<\/div>\n\t\t<\/div>\n\t\t\t\t\t<\/div>\n\t\t<\/section>\n\t\t\t\t<section class=\"elementor-section elementor-top-section elementor-element elementor-element-457e819 elementor-section-boxed elementor-section-height-default elementor-section-height-default\" data-id=\"457e819\" data-element_type=\"section\">\n\t\t\t\t\t\t<div class=\"elementor-container elementor-column-gap-default\">\n\t\t\t\t\t<div class=\"elementor-column elementor-col-100 elementor-top-column elementor-element elementor-element-1410e24\" data-id=\"1410e24\" data-element_type=\"column\">\n\t\t\t<div class=\"elementor-widget-wrap elementor-element-populated\">\n\t\t\t\t\t\t<div class=\"elementor-element elementor-element-a83d18f elementor-widget elementor-widget-heading\" data-id=\"a83d18f\" data-element_type=\"widget\" data-widget_type=\"heading.default\">\n\t\t\t\t<div class=\"elementor-widget-container\">\n\t\t\t<style>\/*! elementor - v3.19.0 - 28-02-2024 *\/\n.elementor-heading-title{padding:0;margin:0;line-height:1}.elementor-widget-heading .elementor-heading-title[class*=elementor-size-]>a{color:inherit;font-size:inherit;line-height:inherit}.elementor-widget-heading .elementor-heading-title.elementor-size-small{font-size:15px}.elementor-widget-heading .elementor-heading-title.elementor-size-medium{font-size:19px}.elementor-widget-heading .elementor-heading-title.elementor-size-large{font-size:29px}.elementor-widget-heading .elementor-heading-title.elementor-size-xl{font-size:39px}.elementor-widget-heading .elementor-heading-title.elementor-size-xxl{font-size:59px}<\/style><h2 class=\"elementor-heading-title elementor-size-default\">Darilni boni<\/h2>\t\t<\/div>\n\t\t\t\t<\/div>\n\t\t\t\t\t<\/div>\n\t\t<\/div>\n\t\t\t\t\t<\/div>\n\t\t<\/section>\n\t\t\t\t<section class=\"elementor-section elementor-top-section elementor-element elementor-element-32edc2f elementor-section-boxed elementor-section-height-default elementor-section-height-default\" data-id=\"32edc2f\" data-element_type=\"section\">\n\t\t\t\t\t\t<div class=\"elementor-container elementor-column-gap-default\">\n\t\t\t\t\t<div class=\"elementor-column elementor-col-50 elementor-top-column elementor-element elementor-element-9814823\" data-id=\"9814823\" data-element_type=\"column\">\n\t\t\t<div class=\"elementor-widget-wrap elementor-element-populated\">\n\t\t\t\t\t\t<div class=\"elementor-element elementor-element-084bd29 elementor-widget elementor-widget-text-editor\" data-id=\"084bd29\" data-element_type=\"widget\" data-widget_type=\"text-editor.default\">\n\t\t\t\t<div class=\"elementor-widget-container\">\n\t\t\t<style>\/*! elementor - v3.19.0 - 28-02-2024 *\/\n.elementor-widget-text-editor.elementor-drop-cap-view-stacked .elementor-drop-cap{background-color:#69727d;color:#fff}.elementor-widget-text-editor.elementor-drop-cap-view-framed .elementor-drop-cap{color:#69727d;border:3px solid;background-color:transparent}.elementor-widget-text-editor:not(.elementor-drop-cap-view-default) .elementor-drop-cap{margin-top:8px}.elementor-widget-text-editor:not(.elementor-drop-cap-view-default) .elementor-drop-cap-letter{width:1em;height:1em}.elementor-widget-text-editor .elementor-drop-cap{float:left;text-align:center;line-height:1;font-size:50px}.elementor-widget-text-editor .elementor-drop-cap-letter{display:inline-block}<\/style>\t\t\t\t<p><span style=\"color: inherit; font-family: inherit; font-size: inherit; font-style: inherit;\"><b>I<\/b><\/span><span style=\"color: inherit; font-family: inherit; font-size: inherit; font-style: inherit;\"><b>\u0161\u010dete popolno darilo za posebne prilo\u017enosti, kot so rojstni dan, poroka ali obletnica?<\/b><\/span><\/p><p>Podarite nepozabno do\u017eivetje \u2013 bivanje v eni izmed na\u0161ih zidanic!<\/p><p>Zakaj je to darilo popolno?<\/p><p>\ud83c\udf81 Obdarovanec si lahko sam izbere termin in nastanitev, ki mu najbolj ustreza.<\/p><p>\ud83c\udf81 Vrednost darilnega bona izberete vi, glede na va\u0161e \u017eelje in prora\u010dun.<\/p><p>\ud83c\udf81 Enostaven nakup \u2013 darilni bon lahko naro\u010dite preko e-po\u0161te na \ud835\ude5e\ud835\ude63\ud835\ude5b\ud835\ude64@\ud835\ude6f\ud835\ude5e\ud835\ude59\ud835\ude56\ud835\ude63\ud835\ude5e\ud835\ude58\ud835\ude5a.\ud835\ude68\ud835\ude5e ali nas pokli\u010dete na \ud835\udfec\ud835\udff0\ud835\udfec \ud835\udff4\ud835\udfec\ud835\udff4 \ud835\udff1\ud835\udff2\ud835\udff4 ali preko spodnjega obrazca.<\/p><p>Podarite nekaj druga\u010dnega \u2013 podarite spomine!<\/p><p>.<\/p>\t\t\t\t\t\t<\/div>\n\t\t\t\t<\/div>\n\t\t\t\t\t<\/div>\n\t\t<\/div>\n\t\t\t\t<div class=\"elementor-column elementor-col-50 elementor-top-column elementor-element elementor-element-d557312\" data-id=\"d557312\" data-element_type=\"column\">\n\t\t\t<div class=\"elementor-widget-wrap elementor-element-populated\">\n\t\t\t\t\t\t<div class=\"elementor-element elementor-element-e4af6a3 elementor-widget elementor-widget-image\" data-id=\"e4af6a3\" data-element_type=\"widget\" data-widget_type=\"image.default\">\n\t\t\t\t<div class=\"elementor-widget-container\">\n\t\t\t<style>\/*! elementor - v3.19.0 - 28-02-2024 *\/\n.elementor-widget-image{text-align:center}.elementor-widget-image a{display:inline-block}.elementor-widget-image a img[src$=\".svg\"]{width:48px}.elementor-widget-image img{vertical-align:middle;display:inline-block}<\/style>\t\t\t\t\t\t\t\t\t\t<img decoding=\"async\" src=\"https:\/\/zidanice.si\/wp-content\/uploads\/2024\/09\/Darilni-bon.jpg\" title=\"\" alt=\"\" loading=\"lazy\" \/>\t\t\t\t\t\t\t\t\t\t\t\t\t<\/div>\n\t\t\t\t<\/div>\n\t\t\t\t\t<\/div>\n\t\t<\/div>\n\t\t\t\t\t<\/div>\n\t\t<\/section>\n\t\t\t\t<section class=\"elementor-section elementor-top-section elementor-element elementor-element-11665688 elementor-section-boxed elementor-section-height-default elementor-section-height-default\" data-id=\"11665688\" data-element_type=\"section\">\n\t\t\t\t\t\t<div class=\"elementor-container elementor-column-gap-default\">\n\t\t\t\t\t<div class=\"elementor-column elementor-col-100 elementor-top-column elementor-element elementor-element-154173f8\" data-id=\"154173f8\" data-element_type=\"column\">\n\t\t\t<div class=\"elementor-widget-wrap elementor-element-populated\">\n\t\t\t\t\t\t<div class=\"elementor-element elementor-element-3b0cf355 elementor-widget__width-initial elementor-widget elementor-widget-text-editor\" data-id=\"3b0cf355\" data-element_type=\"widget\" data-widget_type=\"text-editor.default\">\n\t\t\t\t<div class=\"elementor-widget-container\">\n\t\t\t\t\t\t\t\t\t\t\t\t\t<\/div>\n\t\t\t\t<\/div>\n\t\t\t\t\t<\/div>\n\t\t<\/div>\n\t\t\t\t\t<\/div>\n\t\t<\/section>\n\t\t\t\t<section class=\"elementor-section elementor-top-section elementor-element elementor-element-a138bf3 elementor-section-boxed elementor-section-height-default elementor-section-height-default\" data-id=\"a138bf3\" data-element_type=\"section\">\n\t\t\t\t\t\t<div class=\"elementor-container elementor-column-gap-default\">\n\t\t\t\t\t<div class=\"elementor-column elementor-col-50 elementor-top-column elementor-element elementor-element-88e9692\" data-id=\"88e9692\" data-element_type=\"column\">\n\t\t\t<div class=\"elementor-widget-wrap elementor-element-populated\">\n\t\t\t\t\t\t<div class=\"elementor-element elementor-element-ec33d17 elementor-button-danger elementor-align-center elementor-widget elementor-widget-button\" data-id=\"ec33d17\" data-element_type=\"widget\" data-widget_type=\"button.default\">\n\t\t\t\t<div class=\"elementor-widget-container\">\n\t\t\t\t\t<div class=\"elementor-button-wrapper\">\n\t\t\t<a class=\"elementor-button elementor-button-link elementor-size-xl\" href=\"https:\/\/forms.gle\/yYS8TtpsdRSJoZLd6\" id=\"bon\" target=\"_blank\" rel=\"noopener noreferrer nofollow\">\n\t\t\t\t\t\t<span class=\"elementor-button-content-wrapper\">\n\t\t\t\t\t\t<span class=\"elementor-button-text\">Naro\u010dilo bona<\/span>\n\t\t<\/span>\n\t\t\t\t\t<\/a>\n\t\t<\/div>\n\t\t\t\t<\/div>\n\t\t\t\t<\/div>\n\t\t\t\t\t<\/div>\n\t\t<\/div>\n\t\t\t\t<div class=\"elementor-column elementor-col-50 elementor-top-column elementor-element elementor-element-499e91c\" data-id=\"499e91c\" data-element_type=\"column\">\n\t\t\t<div class=\"elementor-widget-wrap\">\n\t\t\t\t\t\t\t<\/div>\n\t\t<\/div>\n\t\t\t\t\t<\/div>\n\t\t<\/section>\n\t\t\t\t<section class=\"elementor-section elementor-top-section elementor-element elementor-element-a72d6ed elementor-section-boxed elementor-section-height-default elementor-section-height-default\" data-id=\"a72d6ed\" data-element_type=\"section\">\n\t\t\t\t\t\t<div class=\"elementor-container elementor-column-gap-default\">\n\t\t\t\t\t<div class=\"elementor-column elementor-col-100 elementor-top-column elementor-element elementor-element-98731a2\" data-id=\"98731a2\" data-element_type=\"column\">\n\t\t\t<div class=\"elementor-widget-wrap elementor-element-populated\">\n\t\t\t\t\t\t<div class=\"elementor-element elementor-element-0e44cba elementor-widget-divider--view-line elementor-widget elementor-widget-divider\" data-id=\"0e44cba\" data-element_type=\"widget\" data-widget_type=\"divider.default\">\n\t\t\t\t<div class=\"elementor-widget-container\">\n\t\t\t<style>\/*! elementor - v3.19.0 - 28-02-2024 *\/\n.elementor-widget-divider{--divider-border-style:none;--divider-border-width:1px;--divider-color:#0c0d0e;--divider-icon-size:20px;--divider-element-spacing:10px;--divider-pattern-height:24px;--divider-pattern-size:20px;--divider-pattern-url:none;--divider-pattern-repeat:repeat-x}.elementor-widget-divider .elementor-divider{display:flex}.elementor-widget-divider .elementor-divider__text{font-size:15px;line-height:1;max-width:95%}.elementor-widget-divider .elementor-divider__element{margin:0 var(--divider-element-spacing);flex-shrink:0}.elementor-widget-divider .elementor-icon{font-size:var(--divider-icon-size)}.elementor-widget-divider .elementor-divider-separator{display:flex;margin:0;direction:ltr}.elementor-widget-divider--view-line_icon .elementor-divider-separator,.elementor-widget-divider--view-line_text .elementor-divider-separator{align-items:center}.elementor-widget-divider--view-line_icon .elementor-divider-separator:after,.elementor-widget-divider--view-line_icon .elementor-divider-separator:before,.elementor-widget-divider--view-line_text .elementor-divider-separator:after,.elementor-widget-divider--view-line_text .elementor-divider-separator:before{display:block;content:\"\";border-block-end:0;flex-grow:1;border-block-start:var(--divider-border-width) var(--divider-border-style) var(--divider-color)}.elementor-widget-divider--element-align-left .elementor-divider .elementor-divider-separator>.elementor-divider__svg:first-of-type{flex-grow:0;flex-shrink:100}.elementor-widget-divider--element-align-left .elementor-divider-separator:before{content:none}.elementor-widget-divider--element-align-left .elementor-divider__element{margin-left:0}.elementor-widget-divider--element-align-right .elementor-divider .elementor-divider-separator>.elementor-divider__svg:last-of-type{flex-grow:0;flex-shrink:100}.elementor-widget-divider--element-align-right .elementor-divider-separator:after{content:none}.elementor-widget-divider--element-align-right .elementor-divider__element{margin-right:0}.elementor-widget-divider--element-align-start .elementor-divider .elementor-divider-separator>.elementor-divider__svg:first-of-type{flex-grow:0;flex-shrink:100}.elementor-widget-divider--element-align-start .elementor-divider-separator:before{content:none}.elementor-widget-divider--element-align-start .elementor-divider__element{margin-inline-start:0}.elementor-widget-divider--element-align-end .elementor-divider .elementor-divider-separator>.elementor-divider__svg:last-of-type{flex-grow:0;flex-shrink:100}.elementor-widget-divider--element-align-end .elementor-divider-separator:after{content:none}.elementor-widget-divider--element-align-end .elementor-divider__element{margin-inline-end:0}.elementor-widget-divider:not(.elementor-widget-divider--view-line_text):not(.elementor-widget-divider--view-line_icon) .elementor-divider-separator{border-block-start:var(--divider-border-width) var(--divider-border-style) var(--divider-color)}.elementor-widget-divider--separator-type-pattern{--divider-border-style:none}.elementor-widget-divider--separator-type-pattern.elementor-widget-divider--view-line .elementor-divider-separator,.elementor-widget-divider--separator-type-pattern:not(.elementor-widget-divider--view-line) .elementor-divider-separator:after,.elementor-widget-divider--separator-type-pattern:not(.elementor-widget-divider--view-line) .elementor-divider-separator:before,.elementor-widget-divider--separator-type-pattern:not([class*=elementor-widget-divider--view]) .elementor-divider-separator{width:100%;min-height:var(--divider-pattern-height);-webkit-mask-size:var(--divider-pattern-size) 100%;mask-size:var(--divider-pattern-size) 100%;-webkit-mask-repeat:var(--divider-pattern-repeat);mask-repeat:var(--divider-pattern-repeat);background-color:var(--divider-color);-webkit-mask-image:var(--divider-pattern-url);mask-image:var(--divider-pattern-url)}.elementor-widget-divider--no-spacing{--divider-pattern-size:auto}.elementor-widget-divider--bg-round{--divider-pattern-repeat:round}.rtl .elementor-widget-divider .elementor-divider__text{direction:rtl}.e-con-inner>.elementor-widget-divider,.e-con>.elementor-widget-divider{width:var(--container-widget-width,100%);--flex-grow:var(--container-widget-flex-grow)}<\/style>\t\t<div class=\"elementor-divider\">\n\t\t\t<span class=\"elementor-divider-separator\">\n\t\t\t\t\t\t<\/span>\n\t\t<\/div>\n\t\t\t\t<\/div>\n\t\t\t\t<\/div>\n\t\t\t\t\t<\/div>\n\t\t<\/div>\n\t\t\t\t\t<\/div>\n\t\t<\/section>\n\t\t\t\t<section class=\"elementor-section elementor-top-section elementor-element elementor-element-ea60a79 elementor-section-boxed elementor-section-height-default elementor-section-height-default\" data-id=\"ea60a79\" data-element_type=\"section\">\n\t\t\t\t\t\t<div class=\"elementor-container elementor-column-gap-default\">\n\t\t\t\t\t<div class=\"elementor-column elementor-col-50 elementor-top-column elementor-element elementor-element-37617be\" data-id=\"37617be\" data-element_type=\"column\">\n\t\t\t<div class=\"elementor-widget-wrap elementor-element-populated\">\n\t\t\t\t\t\t<div class=\"elementor-element elementor-element-619d4bc elementor-widget elementor-widget-heading\" data-id=\"619d4bc\" data-element_type=\"widget\" data-widget_type=\"heading.default\">\n\t\t\t\t<div class=\"elementor-widget-container\">\n\t\t\t<h2 class=\"elementor-heading-title elementor-size-default\">Navodila za kori\u0161\u010denje bona<\/h2>\t\t<\/div>\n\t\t\t\t<\/div>\n\t\t\t\t\t<\/div>\n\t\t<\/div>\n\t\t\t\t<div class=\"elementor-column elementor-col-50 elementor-top-column elementor-element elementor-element-01de167\" data-id=\"01de167\" data-element_type=\"column\">\n\t\t\t<div class=\"elementor-widget-wrap elementor-element-populated\">\n\t\t\t\t\t\t<div class=\"elementor-element elementor-element-b550001 elementor-widget elementor-widget-heading\" data-id=\"b550001\" data-element_type=\"widget\" data-widget_type=\"heading.default\">\n\t\t\t\t<div class=\"elementor-widget-container\">\n\t\t\t<h2 class=\"elementor-heading-title elementor-size-default\">Gesch\u00e4ftsbedingungen<\/h2>\t\t<\/div>\n\t\t\t\t<\/div>\n\t\t\t\t\t<\/div>\n\t\t<\/div>\n\t\t\t\t\t<\/div>\n\t\t<\/section>\n\t\t\t\t<section class=\"elementor-section elementor-top-section elementor-element elementor-element-55d86f2 elementor-section-boxed elementor-section-height-default elementor-section-height-default\" data-id=\"55d86f2\" data-element_type=\"section\">\n\t\t\t\t\t\t<div class=\"elementor-container elementor-column-gap-default\">\n\t\t\t\t\t<div class=\"elementor-column elementor-col-50 elementor-top-column elementor-element elementor-element-79077e9\" data-id=\"79077e9\" data-element_type=\"column\">\n\t\t\t<div class=\"elementor-widget-wrap elementor-element-populated\">\n\t\t\t\t\t\t<div class=\"elementor-element elementor-element-8d8cb09 elementor-widget elementor-widget-text-editor\" data-id=\"8d8cb09\" data-element_type=\"widget\" data-widget_type=\"text-editor.default\">\n\t\t\t\t<div class=\"elementor-widget-container\">\n\t\t\t\t\t\t\t<p><strong>Navodila za kori\u0161\u010denje darilnega bona<\/strong><\/p><ol><li><strong>Preverite veljavnost<\/strong>: Pred uporabo preverite datum veljavnosti, naveden na darilnem bonu.<\/li><li><strong>Izberite termin<\/strong>: Obi\u0161\u010dite spletno stran <strong><a href=\"http:\/\/www.zidanice.si\" target=\"_blank\" rel=\"noopener noreferrer nofollow\">www.zidanice.si<\/a> <\/strong>in izberite zidanico, \u0161tevilo oseb ter \u017eeleni termin bivanja. Razpolo\u017eljivost posamezne nastanitve je razvidna iz koledarja na dnu strani.<\/li><li><strong>Rezervacija<\/strong>:<ul><li><strong>Na spletni strani<\/strong>: Ob oddaji rezervacije izbrane namestitve na spletni strani v kontaktno polje vnesite unikatno kodo ter vrednost va\u0161ega bona.<\/li><li><strong>Po telefonu<\/strong>: Pokli\u010dite na <strong>040 808 568<\/strong> in ob rezervaciji navedite unikatno kodo va\u0161ega bona.<\/li><li><strong>Po e-po\u0161ti<\/strong>: Po\u0161ljite sporo\u010dilo na <strong>info@zidanice.si<\/strong> z navedbo \u017eelene namestitve, \u017eelenega termina ter unikatne kode va\u0161ega bona.<\/li><\/ul><\/li><li><strong>Potrditev rezervacije<\/strong>: Po oddaji rezervacije boste prejeli potrditev na va\u0161 e-naslov ali prek telefona. Pri spletni rezervaciji bo vrednost bona od\u0161teta po preverbi njegove veljavnosti (v delovnem \u010dasu izdajatelja).<\/li><li><strong>U\u017eivajte v va\u0161em oddihu<\/strong>: Pripravite se na prijetno bivanje v zidanici!<\/li><\/ol>\t\t\t\t\t\t<\/div>\n\t\t\t\t<\/div>\n\t\t\t\t\t<\/div>\n\t\t<\/div>\n\t\t\t\t<div class=\"elementor-column elementor-col-50 elementor-top-column elementor-element elementor-element-e5cbfb7\" data-id=\"e5cbfb7\" data-element_type=\"column\">\n\t\t\t<div class=\"elementor-widget-wrap elementor-element-populated\">\n\t\t\t\t\t\t<div class=\"elementor-element elementor-element-d17f059 elementor-widget elementor-widget-text-editor\" data-id=\"d17f059\" data-element_type=\"widget\" data-widget_type=\"text-editor.default\">\n\t\t\t\t<div class=\"elementor-widget-container\">\n\t\t\t\t\t\t\t<p>Izdajatelj vrednostnega bona je Razvojni center Novo mesto d.o.o., Podbreznik 15, 8000 Novo mesto.<\/p><ol><li><strong>Namen uporabe<\/strong>: Vrednostni darilni bon se lahko koristi za bivanje v eni od nastanitev, ki so v ponudbi na <a href=\"http:\/\/www.zidanice.si\" target=\"_blank\" rel=\"noopener noreferrer nofollow\">www.zidanice.si<\/a>. Bon je mo\u017eno uporabiti le pri rezervacijah, opravljenih prek spletne strani, telefonske \u0161tevilke 040 808 568 ali e-po\u0161te info@zidanice.si.<\/li><li><strong>Obseg storitev<\/strong>: Vrednostni bon velja izklju\u010dno za storitve no\u010ditev in ga ni mogo\u010de uporabiti za pla\u010dilo turisti\u010dne takse. Turisti\u010dno takso se pla\u010da posebej glede na dejansko rezervacijo in v skladu z veljavno tarifo v ob\u010dini, v kateri se nahaja izbrana nastanitev.<\/li><li><strong>Veljavnost bona<\/strong>: Vrednostni darilni bon je veljaven 1 leto od datuma izdaje. Bona ni mo\u017eno zamenjati za denar.<\/li><li><strong>Pla\u010dilo in dopla\u010dila<\/strong>:<ul><li>\u010ce je vrednost no\u010ditev vi\u0161ja od vrednosti darilnega bona, se razlika dopla\u010da ob rezervaciji oziroma v skladu s splo\u0161nimi pogoji ponudnika.<\/li><li>\u010ce je vrednost no\u010ditev ni\u017eja od vrednosti darilnega bona, ponudnik storitev gostu denarja ne vra\u010da.<\/li><\/ul><\/li><li><strong>Nezamenljivost in neodgovornost v primeru izgube<\/strong>: Vrednostni darilni bon ni zamenljiv za denar, niti ni prenosljiv. \u010ce je vrednostni bon ukraden, izgubljen ali uni\u010den, uporabnik ni upravi\u010den do povra\u010dila ali kompenzacije v kakr\u0161ni koli obliki.<\/li><li><strong>Rezervacija in potrditev<\/strong>: Za kori\u0161\u010denje bona je potrebna rezervacija prek telefonske \u0161tevilke 040 808 568 ali e-po\u0161te info@zidanice.si. Pri rezervaciji mora uporabnik navesti unikatno kodo bona in njegovo vrednost.<\/li><li><strong>Odpoved rezervacije<\/strong>: Odpovedi rezervacij se obravnavajo skladno z odpovednimi pogoji, navedenimi na spletni strani <a href=\"http:\/\/www.zidanice.si\" target=\"_blank\" rel=\"noopener noreferrer nofollow\">www.zidanice.si<\/a>. V primeru odpovedi v skladu s temi pogoji, se bon lahko ponovno uporabi v preostalem veljavnostnem obdobju.<\/li><li><strong>Pravica do sprememb<\/strong>: Izdajatelj si pridr\u017euje pravico do spremembe pogojev uporabe bonov. O morebitnih spremembah bo obvestil imetnike bonov na spletni strani.<\/li><\/ol>\t\t\t\t\t\t<\/div>\n\t\t\t\t<\/div>\n\t\t\t\t\t<\/div>\n\t\t<\/div>\n\t\t\t\t\t<\/div>\n\t\t<\/section>\n\t\t\t\t<\/div>","protected":false},"excerpt":{"rendered":"<p>Darilni boni I\u0161\u010dete popolno darilo za posebne prilo\u017enosti, kot so rojstni dan, poroka ali obletnica? Podarite nepozabno do\u017eivetje \u2013 bivanje v eni izmed na\u0161ih zidanic! Zakaj je to darilo popolno? \ud83c\udf81 Obdarovanec si lahko sam izbere termin in nastanitev, ki &hellip; <a href=\"https:\/\/zidanice.si\/de\/darilni-bon\/\">Read More<\/a><\/p>","protected":false},"author":3,"featured_media":0,"parent":0,"menu_order":1,"comment_status":"closed","ping_status":"closed","template":"","meta":{"footnotes":""},"class_list":["post-3608","page","type-page","status-publish","hentry"],"_links":{"self":[{"href":"https:\/\/zidanice.si\/de\/wp-json\/wp\/v2\/pages\/3608","targetHints":{"allow":["GET"]}}],"collection":[{"href":"https:\/\/zidanice.si\/de\/wp-json\/wp\/v2\/pages"}],"about":[{"href":"https:\/\/zidanice.si\/de\/wp-json\/wp\/v2\/types\/page"}],"author":[{"embeddable":true,"href":"https:\/\/zidanice.si\/de\/wp-json\/wp\/v2\/users\/3"}],"replies":[{"embeddable":true,"href":"https:\/\/zidanice.si\/de\/wp-json\/wp\/v2\/comments?post=3608"}],"version-history":[{"count":18,"href":"https:\/\/zidanice.si\/de\/wp-json\/wp\/v2\/pages\/3608\/revisions"}],"predecessor-version":[{"id":3629,"href":"https:\/\/zidanice.si\/de\/wp-json\/wp\/v2\/pages\/3608\/revisions\/3629"}],"wp:attachment":[{"href":"https:\/\/zidanice.si\/de\/wp-json\/wp\/v2\/media?parent=3608"}],"curies":[{"name":"wp","href":"https:\/\/api.w.org\/{rel}","templated":true}]}}